{"id":369,"date":"2025-01-12T10:29:47","date_gmt":"2025-01-12T10:29:47","guid":{"rendered":"https:\/\/oberbergern.at\/wp\/?page_id=369"},"modified":"2026-02-12T10:16:39","modified_gmt":"2026-02-12T09:16:39","slug":"station","status":"publish","type":"page","link":"https:\/\/oberbergern.at\/wp\/station\/","title":{"rendered":"Stationsbeschreibung"},"content":{"rendered":"\r\n<p><strong>Standort:<\/strong><\/p>\r\n<p>\r\n\r\n<\/p>\r\n<p>Seit Anfang August\/2003 betreibe ich eine Wetterstation Vantage Pro 2 Plus von Davis. Die Station steht in Oberbergern, das ist ca. 10 km westlich von Krems\/Donau in einer H\u00f6he von 360 m \u00fcber NN.<\/p>\r\n<p>\r\n\r\n<\/p>\r\n<p><strong>Ausr\u00fcstung:<\/strong><\/p>\r\n<p>\r\n\r\n<\/p>\r\n<ul class=\"wp-block-list\">\r\n<li>Wetterstation: <strong><em>DAVIS Vantage PRO 2 Plus<\/em><\/strong><\/li>\r\n\r\n\r\n\r\n<li>Computer: <em><strong>Raspberry PI 4<\/strong><\/em><\/li>\r\n<li>Daten-Auswertung: <strong><em>weewx<\/em>\u00a0<\/strong><\/li>\r\n<\/ul>\r\n<p>Die Zentrale besteht aus einem Anzeigeger\u00e4t mit eingebautem Datenspeicher und den Bedienelementen. Das Display kann bis zu 10 Wetterdaten gleichzeitig darstellen. Diese Konsole ist aber keinesfalls ein reines Anzeigeger\u00e4t, sondern ein sehr leistungsf\u00e4higer Wettercomputer. Er sammelt, speichert und berechnet Wetterkonditionen mit H\u00f6chst- und Tiefstwerten und kann sowohl alphanumerische als auch graphische Analysen erzeugen. Die Daten der einzelnen Sensoren werden laufend an die Zentrale \u00fcbertragen, dort in einem Speicher gesammelt und laufend an ein Computerprogramm \u00fcbergeben, welches diese graphisch und auch als Text aufbereitet und automatisch laufend in das Internet hochl\u00e4dt. Als Auswertesoftware verwende ich weewx.<\/p>\r\n\r\n\r\n\r\n<p><strong>Beschreibung:<\/strong><\/p>\r\n\r\n\r\n\r\n<p>Die Station beinhaltet eine bisher einzigartige Form der Wettervorhersage. Es wird nicht, wie bisher \u00fcblich, nur die Luftdruck-Tendenz zur Vorhersage verwendet, sondern es kommt, ein aus den neuesten Erkenntnissen der Wetterforschung abgeleiteter Algorithmus zur Anwendung. Dabei werden alle Messwerte zur Erstellung der Wettervorhersage in die Berechnung mit einbezogen. Als Ergebnis erh\u00e4lt man eine im Klartext formulierte Wettervorhersage, die im Display als Text ausgegeben wird.<\/p>\r\n\r\n\r\n\r\n<p>Der Windmesser liefert die Daten f\u00fcr Windgeschwindigkeit und Windrichtung zur Basisstation, welche ihrerseits in ca. 2 m \u00fcber Grund befestigt ist. Dort werden auch die restlichen Daten, wie Au\u00dfentemperatur, Luftfeuchtigkeit, Luftdruck, Regenmenge, Solarstrahlung, UV-Index, etc. gemessen.<\/p>\r\n\r\n\r\n\r\n<p><strong>Zusatz-Komponenten:<\/strong><\/p>\r\n\r\n\r\n\r\n<p>Der Regensensor wurde nachtr\u00e4glich mit einer Heizung ausgestattet, damit auch Schneefall als Niederschlag erfasst werden kann. Die Heizung besteht im Wesentlichen aus drei Komponenten, n\u00e4mlich der Beheizung des Regentrichters, bestehend aus zwei innen am Trichter aufgeklebten Heizfolien, der Beheizung des Regensensors (Wippe), bestehend aus Heizwiderst\u00e4nden, die auf einem Blech in unmittelbarer N\u00e4he der Wippe montiert sind und der Elektronik, welche aus zwei Thermostaten besteht. Der erste Thermostat schaltet den gesamten Stromkreis erst ein, wenn die Au\u00dfentemperatur unter 3\u00b0 abf\u00e4llt. Bei Temperaturen \u00fcber 3\u00b0 wird der Stromkreis wieder unterbrochen. Dieser Schaltzeitpunkt kann \u00fcber die Elektronik frei festgelegt werden. Der zweite Thermostat sitzt in einem Abstand von ca. 2 cm vom Blech mit den Heizwiderst\u00e4nden entfernt und \u00fcberwacht sozusagen die gesamte Umgebungstemperatur rund um die Wippe. Dieser Thermostat schaltet den Stromkreis ein, wenn die Temperatur bei der Wippe unter 10\u00b0 absinkt. Wenn jetzt durch das kontinuierliche Aufheizen der Heizwiderst\u00e4nde und des schwarzen Bleches die Temperatur im Bereich der Wippe auf 20\u00b0 ansteigt, wird der Stromfluss wieder unterbrochen und schaltet erst bei Abfall der Temperatur unter 10\u00b0 wieder ein. Da auch die beiden Heizfolien im Trichter in diesen Regelkreis eingebunden sind, wird verhindert, dass der Kunststoff des Trichters zu hei\u00df wird, da immer wieder mehr oder weniger kurze Heizpausen (je nach Au\u00dfentemperatur) entstehen. Gespeist wird das ganze von einem Trafo mit 24 V Sekund\u00e4rspannung. Der Stromfluss betr\u00e4gt rund 1,8 Ampere, was einer Leistung von etwa 45 W entspricht, wobei ca. 30 Watt die Heizwiderst\u00e4nde verbraten und die restlichen 15 Watt f\u00fcr die Heizfolien im Trichter verbraucht werden.<\/p>\r\n\r\n\r\n\r\n<figure class=\"wp-block-table\">\r\n<table class=\"has-fixed-layout\">\r\n<tbody>\r\n<tr>\r\n<td>Vorhandene Sensoren<\/td>\r\n<td>Vom PC berechnete Daten<\/td>\r\n<td>Zus\u00e4tzl. Auswertungen<\/td>\r\n<\/tr>\r\n<tr>\r\n<td>Au\u00dfenthermometer<br \/>Au\u00dfen-Luftfeuchtigkeit<br \/>Innenthermometer<br \/>Innen-Lufteuchtigkeit<br \/>Barometer<br \/>Windgeschwindigkeit und Richtung<br \/>Regenmenge<br \/>SolarstrahlungUV-Index<\/td>\r\n<td>Evapotranspiration<br \/>Taupunkt<br \/>Windchill<br \/>Hitzeindex<br \/>THSW-Index<br \/>Sonnenscheindauer<br \/>etc.<\/td>\r\n<td>H\u00f6chst- u. Tiefst-Temperatur<br \/>Luftdruck<br \/>H\u00f6chste u. tiefste Luftfeuchtigkeit au\u00dfen\/innen<br \/>H\u00f6chster Hitzeindex<br \/>H\u00f6chster THSW-Index<br \/>Tiefster Windchill<br \/>H\u00f6chste Windgeschwindigkeit<br \/>H\u00f6chste Niederschlagsrate<br \/>H\u00f6chster u. tiefster Taupunkt<\/td>\r\n<\/tr>\r\n<\/tbody>\r\n<\/table>\r\n<\/figure>\r\n\r\n\r\n\r\n<p><strong>Einige Bilder der Anlage:<\/strong><\/p>\r\n\r\n\r\n<div class=\"wp-block-image\">\r\n<figure class=\"aligncenter size-full is-resized\"><img loading=\"lazy\" decoding=\"async\" width=\"300\" height=\"420\" src=\"https:\/\/oberbergern.at\/wp\/wp-content\/uploads\/2025\/01\/vantage1.jpg\" alt=\"\" class=\"wp-image-509 aligncenter\" style=\"width: 406px; height: auto;\" srcset=\"https:\/\/oberbergern.at\/wp\/wp-content\/uploads\/2025\/01\/vantage1.jpg 300w, https:\/\/oberbergern.at\/wp\/wp-content\/uploads\/2025\/01\/vantage1-214x300.jpg 214w\" sizes=\"auto, (max-width: 300px) 100vw, 300px\" \/><\/figure>\r\n<\/div>\r\n\r\n<div class=\"wp-block-image\">\r\n<figure class=\"aligncenter size-full is-resized\"><img loading=\"lazy\" decoding=\"async\" width=\"600\" height=\"437\" src=\"https:\/\/oberbergern.at\/wp\/wp-content\/uploads\/2025\/01\/vantage2.jpg\" alt=\"\" class=\"wp-image-510 aligncenter\" style=\"width: 384px; height: auto;\" srcset=\"https:\/\/oberbergern.at\/wp\/wp-content\/uploads\/2025\/01\/vantage2.jpg 600w, https:\/\/oberbergern.at\/wp\/wp-content\/uploads\/2025\/01\/vantage2-300x219.jpg 300w\" sizes=\"auto, (max-width: 600px) 100vw, 600px\" \/><\/figure>\r\n<\/div>\r\n\r\n\r\n<p><strong>Techn. Daten der Davis Vantage:<\/strong><\/p>\r\n\r\n\r\n\r\n<figure class=\"wp-block-table\">\r\n<table class=\"has-fixed-layout\">\r\n<tbody>\r\n<tr>\r\n<td>Funktion<\/td>\r\n<td>Aufl\u00f6sung<\/td>\r\n<td>Messbereich<\/td>\r\n<td>Genauigkeit<\/td>\r\n<\/tr>\r\n<tr>\r\n<td>Barometrischer Luftdruck<\/td>\r\n<td>0,1 hPa\/mm<\/td>\r\n<td>880 &#8211; 1080 hPa<\/td>\r\n<td>1,7 hPa<\/td>\r\n<\/tr>\r\n<tr>\r\n<td>Luftdruck-Tendenz (1 Stunde)<\/td>\r\n<td>schnell \/ langsam<\/td>\r\n<td>5 Stufen-Pfeil<\/td>\r\n<td><\/td>\r\n<\/tr>\r\n<tr>\r\n<td>Evapotranspiration<\/td>\r\n<td>0,25 mm<\/td>\r\n<td>999 \/ 1999,9 mm<\/td>\r\n<td>5%<\/td>\r\n<\/tr>\r\n<tr>\r\n<td>Innen-Feuchtigkeit<\/td>\r\n<td>1%<\/td>\r\n<td>10 &#8211; 90%<\/td>\r\n<td>5% rel.<\/td>\r\n<\/tr>\r\n<tr>\r\n<td>Au\u00dfen-Feuchtigkeit<\/td>\r\n<td>1%<\/td>\r\n<td>0 &#8211; 100%<\/td>\r\n<td>3% rel.<\/td>\r\n<\/tr>\r\n<tr>\r\n<td>Taupunkt<\/td>\r\n<td>1\u00b0 C<\/td>\r\n<td>-76 bis +54\u00b0 C<\/td>\r\n<td>1,5\u00b0 C<\/td>\r\n<\/tr>\r\n<tr>\r\n<td>Frost \/ Taupunkt bei hoher Feuchte<\/td>\r\n<td>1\u00b0 C<\/td>\r\n<td>-76 bis +54\u00b0 C<\/td>\r\n<td>1,5\u00b0 C<\/td>\r\n<\/tr>\r\n<tr>\r\n<td>Niederschlag t\u00e4glich und Regenschauer<\/td>\r\n<td>0,25 mm<\/td>\r\n<td>bis 999,9 mm<\/td>\r\n<td>4%<\/td>\r\n<\/tr>\r\n<tr>\r\n<td>Niederschlag monatlich und j\u00e4hrlich<\/td>\r\n<td>0,25 mm<\/td>\r\n<td>bis 19.999 mm<\/td>\r\n<td>4%<\/td>\r\n<\/tr>\r\n<tr>\r\n<td>Regenrate<\/td>\r\n<td>0,25 mm<\/td>\r\n<td>bis 2540 mm \/ Stunde<\/td>\r\n<td>5%<\/td>\r\n<\/tr>\r\n<tr>\r\n<td>Solarstrahlung<\/td>\r\n<td>1 W\/m\u00b2<\/td>\r\n<td>0 &#8211; 1600 W\/m\u00b2<\/td>\r\n<td>5%<\/td>\r\n<\/tr>\r\n<tr>\r\n<td>Innen-Temperatur<\/td>\r\n<td>0,1\u00b0 C<\/td>\r\n<td>0 bis 60\u00b0 C<\/td>\r\n<td>0,5%<\/td>\r\n<\/tr>\r\n<tr>\r\n<td>Au\u00dfen-Temperatur<\/td>\r\n<td>0,1\u00b0 C<\/td>\r\n<td>-40 bis +60\u00b0 C<\/td>\r\n<td>0,5\u00b0 C<\/td>\r\n<\/tr>\r\n<tr>\r\n<td>Hitze-Index<\/td>\r\n<td>1\u00b0 C<\/td>\r\n<td>-40 bis +57\u00b0 C<\/td>\r\n<td>1,5\u00b0 C<\/td>\r\n<\/tr>\r\n<tr>\r\n<td>Temp-Feuchte-Sonne-Wind-Index<\/td>\r\n<td>1\u00b0 C<\/td>\r\n<td>-68 bis +64\u00b0 C<\/td>\r\n<td>2\u00b0 C<\/td>\r\n<\/tr>\r\n<tr>\r\n<td>UV-Index<\/td>\r\n<td>0,1<\/td>\r\n<td>0 bis 16<\/td>\r\n<td>8%<\/td>\r\n<\/tr>\r\n<tr>\r\n<td>UV-Dosis<\/td>\r\n<td>0,1(1) MED<\/td>\r\n<td>0 bis 199 MED<\/td>\r\n<td>8%<\/td>\r\n<\/tr>\r\n<tr>\r\n<td>Windrichtung<\/td>\r\n<td>1 Grad<\/td>\r\n<td>0 &#8211; 360 Grad<\/td>\r\n<td>7 Grad<\/td>\r\n<\/tr>\r\n<tr>\r\n<td>Windrose<\/td>\r\n<td>22,5 Grad<\/td>\r\n<td>16 Kompass-Segmente<\/td>\r\n<td>0,3 Segmente<\/td>\r\n<\/tr>\r\n<tr>\r\n<td>Windgeschwindigkeit<\/td>\r\n<td>0,5 m\/s &#8211; 1 km\/h<\/td>\r\n<td>1-54 m\/s &#8211; 3-193 km\/h<\/td>\r\n<td>1 m\/s &#8211; 5 km\/h<\/td>\r\n<\/tr>\r\n<tr>\r\n<td>Wind-Chill<\/td>\r\n<td>1\u00b0 C<\/td>\r\n<td>-64 bis +54\u00b0 C<\/td>\r\n<td>2\u00b0 C<\/td>\r\n<\/tr>\r\n<\/tbody>\r\n<\/table>\r\n<\/figure>\r\n\r\n<p>&nbsp;<\/p>\r\n<p>&nbsp;<\/p>\r\n<!--?php \r\n  session_set_cookie_params(21600);\r\n  session_start();\r\n\r\n  $file=fopen(\"besucher.txt\", \"r+\");\r\n  $zaehlerstand = fgets($file, 10);\r\n\r\n  if($zaehlerstand == \"\") {\r\n    zaehlerstand = 0;\r\n  }\r\n  if(!isset($_SESSION['counter_yes'])) {\r\n    $zaehlerstand++;\r\n    rewind($file);\r\n    fwrite($file, $zaehlerstand);\r\n    $_SESSION['counter_yes'] = true;\r\n  }\r\n\r\n  echo \"Anzahl Besucher: \" . $zaehlerstand;\r\n  fclose($file);\r\n?-->\r\n<p>&nbsp;<\/p>","protected":false},"excerpt":{"rendered":"<p>Standort: Seit Anfang August\/2003 betreibe ich eine Wetterstation Vantage Pro 2 Plus von Davis. Die Station steht in Oberbergern, das ist ca. 10 km westlich von Krems\/Donau in einer H\u00f6he von 360 m \u00fcber NN. Ausr\u00fcstung:<\/p>\n","protected":false},"author":1,"featured_media":0,"parent":0,"menu_order":0,"comment_status":"closed","ping_status":"closed","template":"page-templates\/template-fullwidth.php","meta":{"footnotes":""},"class_list":["post-369","page","type-page","status-publish","hentry"],"_links":{"self":[{"href":"https:\/\/oberbergern.at\/wp\/wp-json\/wp\/v2\/pages\/369","targetHints":{"allow":["GET"]}}],"collection":[{"href":"https:\/\/oberbergern.at\/wp\/wp-json\/wp\/v2\/pages"}],"about":[{"href":"https:\/\/oberbergern.at\/wp\/wp-json\/wp\/v2\/types\/page"}],"author":[{"embeddable":true,"href":"https:\/\/oberbergern.at\/wp\/wp-json\/wp\/v2\/users\/1"}],"replies":[{"embeddable":true,"href":"https:\/\/oberbergern.at\/wp\/wp-json\/wp\/v2\/comments?post=369"}],"version-history":[{"count":15,"href":"https:\/\/oberbergern.at\/wp\/wp-json\/wp\/v2\/pages\/369\/revisions"}],"predecessor-version":[{"id":3916,"href":"https:\/\/oberbergern.at\/wp\/wp-json\/wp\/v2\/pages\/369\/revisions\/3916"}],"wp:attachment":[{"href":"https:\/\/oberbergern.at\/wp\/wp-json\/wp\/v2\/media?parent=369"}],"curies":[{"name":"wp","href":"https:\/\/api.w.org\/{rel}","templated":true}]}}